{"id":18,"date":"2016-07-05T11:40:49","date_gmt":"2016-07-05T11:40:49","guid":{"rendered":"http:\/\/leadell-ee.dev\/?page_id=18"},"modified":"2022-08-22T09:24:12","modified_gmt":"2022-08-22T09:24:12","slug":"about-us","status":"publish","type":"page","link":"https:\/\/leadell.ee\/en\/about-us\/","title":{"rendered":"About us"},"content":{"rendered":"","protected":false},"excerpt":{"rendered":"","protected":false},"author":11,"featured_media":0,"parent":0,"menu_order":0,"comment_status":"closed","ping_status":"closed","template":"templates\/about-template.php","meta":{"_acf_changed":false,"om_disable_all_campaigns":false,"_monsterinsights_skip_tracking":false,"_monsterinsights_sitenote_active":false,"_monsterinsights_sitenote_note":"","_monsterinsights_sitenote_category":0,"footnotes":""},"class_list":["post-18","page","type-page","status-publish","hentry"],"better_featured_image":null,"acf":{"content":"<p>LEADELL law offices\u00a0 &#8211; Pilv in Estonia, V\u012btols in Latvia, and Bal\u010di\u016bnas &amp; Grajauskas in Lithuania \u2013 are among the leading business law firms in the Baltic countries, providing services to business clients.<br \/>\n<span class=\"s1\"><br \/>\nThe first part of the name LEADELL is the word \u201clead\u201d and it symbolizes leading clients in the legal field. The second part of the name is the abbreviation ELL that represents Estonia, Latvia, Lithuania.<\/span><br \/>\n<span class=\"s1\"><br \/>\nThe name of the alliance incorporates an abbreviation of the Baltic States, thus underlining that the alliance offers legal services for local and global customers in this region, which are based on a local experience and knowledge.<\/span><\/p>\n<p class=\"p1\"><img loading=\"lazy\" decoding=\"async\" class=\"alignnone size-full wp-image-456\" src=\"https:\/\/leadell.ee\/static\/leadell_about_us.png\" alt=\"leadell_about_us\" width=\"585\" height=\"268\" srcset=\"https:\/\/leadell.ee\/static\/leadell_about_us.png 585w, https:\/\/leadell.ee\/static\/leadell_about_us-300x137.png 300w\" sizes=\"auto, (max-width: 585px) 100vw, 585px\" \/><\/p>\n<p class=\"p1\"><span class=\"s1\">We connect the dots and see beyond the obvious because we go beneath the surface and are passionate about what we do \u2013 secure and trustworthy legal advice.<\/span><\/p>\n<p><span class=\"s1\"><b>Security. Trust. Passion.<\/b><\/span><\/p>\n","taglaw_title":"TAGLaw","taglaw_content":"<p>LEADELL law offices are members of the TAGLaw\u00ae, a worldwide alliance of independent law firms with more than 155 member firms based in over 90 countries. Its 10,000+ lawyers work out of 380 offices to provide a full range of legal services to clients all over the world. <\/p>\n<p>The members of TAGLaw are admitted based on their reputation and recommendation of existing members. LEADELL law offices have the exclusive right to represent TAGLaw network in Estonia, Latvia and Lithuania.<\/p>\n<p>Our membership in TAGLaw enables our clients to have quick access to secure and trustworthy legal assistance all over the world. <\/p>\n","taglaw_map":"https:\/\/leadell.ee\/static\/leadell-map.svg"},"aioseo_notices":[],"yoast_head":"<!-- This site is optimized with the Yoast SEO plugin v27.4 - https:\/\/yoast.com\/product\/yoast-seo-wordpress\/ -->\n<title>About us - LEADELL Pilv<\/title>\n<meta name=\"robots\" content=\"index, follow, max-snippet:-1, max-image-preview:large, max-video-preview:-1\" \/>\n<link rel=\"canonical\" href=\"https:\/\/leadell.ee\/en\/about-us\/\" \/>\n<meta property=\"og:locale\" content=\"en_US\" \/>\n<meta property=\"og:type\" content=\"article\" \/>\n<meta property=\"og:title\" content=\"About us - LEADELL Pilv\" \/>\n<meta property=\"og:url\" content=\"https:\/\/leadell.ee\/en\/about-us\/\" \/>\n<meta property=\"og:site_name\" content=\"LEADELL Pilv\" \/>\n<meta property=\"article:modified_time\" content=\"2022-08-22T09:24:12+00:00\" \/>\n<meta name=\"twitter:card\" content=\"summary_large_image\" \/>\n<script type=\"application\/ld+json\" class=\"yoast-schema-graph\">{\"@context\":\"https:\\\/\\\/schema.org\",\"@graph\":[{\"@type\":\"WebPage\",\"@id\":\"https:\\\/\\\/leadell.ee\\\/en\\\/about-us\\\/\",\"url\":\"https:\\\/\\\/leadell.ee\\\/en\\\/about-us\\\/\",\"name\":\"About us - LEADELL Pilv\",\"isPartOf\":{\"@id\":\"https:\\\/\\\/leadell.ee\\\/en\\\/#website\"},\"datePublished\":\"2016-07-05T11:40:49+00:00\",\"dateModified\":\"2022-08-22T09:24:12+00:00\",\"breadcrumb\":{\"@id\":\"https:\\\/\\\/leadell.ee\\\/en\\\/about-us\\\/#breadcrumb\"},\"inLanguage\":\"en-US\",\"potentialAction\":[{\"@type\":\"ReadAction\",\"target\":[\"https:\\\/\\\/leadell.ee\\\/en\\\/about-us\\\/\"]}]},{\"@type\":\"BreadcrumbList\",\"@id\":\"https:\\\/\\\/leadell.ee\\\/en\\\/about-us\\\/#breadcrumb\",\"itemListElement\":[{\"@type\":\"ListItem\",\"position\":1,\"name\":\"Home\",\"item\":\"https:\\\/\\\/www.leadell.ee\\\/en\\\/\"},{\"@type\":\"ListItem\",\"position\":2,\"name\":\"About us\"}]},{\"@type\":\"WebSite\",\"@id\":\"https:\\\/\\\/leadell.ee\\\/en\\\/#website\",\"url\":\"https:\\\/\\\/leadell.ee\\\/en\\\/\",\"name\":\"LEADELL Pilv\",\"description\":\"We are among leading law firms in the Baltic countries providing services to business clients\",\"potentialAction\":[{\"@type\":\"SearchAction\",\"target\":{\"@type\":\"EntryPoint\",\"urlTemplate\":\"https:\\\/\\\/leadell.ee\\\/en\\\/?s={search_term_string}\"},\"query-input\":{\"@type\":\"PropertyValueSpecification\",\"valueRequired\":true,\"valueName\":\"search_term_string\"}}],\"inLanguage\":\"en-US\"}]}<\/script>\n<!-- \/ Yoast SEO plugin. -->","yoast_head_json":{"title":"About us - LEADELL Pilv","robots":{"index":"index","follow":"follow","max-snippet":"max-snippet:-1","max-image-preview":"max-image-preview:large","max-video-preview":"max-video-preview:-1"},"canonical":"https:\/\/leadell.ee\/en\/about-us\/","og_locale":"en_US","og_type":"article","og_title":"About us - LEADELL Pilv","og_url":"https:\/\/leadell.ee\/en\/about-us\/","og_site_name":"LEADELL Pilv","article_modified_time":"2022-08-22T09:24:12+00:00","twitter_card":"summary_large_image","schema":{"@context":"https:\/\/schema.org","@graph":[{"@type":"WebPage","@id":"https:\/\/leadell.ee\/en\/about-us\/","url":"https:\/\/leadell.ee\/en\/about-us\/","name":"About us - LEADELL Pilv","isPartOf":{"@id":"https:\/\/leadell.ee\/en\/#website"},"datePublished":"2016-07-05T11:40:49+00:00","dateModified":"2022-08-22T09:24:12+00:00","breadcrumb":{"@id":"https:\/\/leadell.ee\/en\/about-us\/#breadcrumb"},"inLanguage":"en-US","potentialAction":[{"@type":"ReadAction","target":["https:\/\/leadell.ee\/en\/about-us\/"]}]},{"@type":"BreadcrumbList","@id":"https:\/\/leadell.ee\/en\/about-us\/#breadcrumb","itemListElement":[{"@type":"ListItem","position":1,"name":"Home","item":"https:\/\/www.leadell.ee\/en\/"},{"@type":"ListItem","position":2,"name":"About us"}]},{"@type":"WebSite","@id":"https:\/\/leadell.ee\/en\/#website","url":"https:\/\/leadell.ee\/en\/","name":"LEADELL Pilv","description":"We are among leading law firms in the Baltic countries providing services to business clients","potentialAction":[{"@type":"SearchAction","target":{"@type":"EntryPoint","urlTemplate":"https:\/\/leadell.ee\/en\/?s={search_term_string}"},"query-input":{"@type":"PropertyValueSpecification","valueRequired":true,"valueName":"search_term_string"}}],"inLanguage":"en-US"}]}},"_links":{"self":[{"href":"https:\/\/leadell.ee\/en\/wp-json\/wp\/v2\/pages\/18","targetHints":{"allow":["GET"]}}],"collection":[{"href":"https:\/\/leadell.ee\/en\/wp-json\/wp\/v2\/pages"}],"about":[{"href":"https:\/\/leadell.ee\/en\/wp-json\/wp\/v2\/types\/page"}],"author":[{"embeddable":true,"href":"https:\/\/leadell.ee\/en\/wp-json\/wp\/v2\/users\/11"}],"replies":[{"embeddable":true,"href":"https:\/\/leadell.ee\/en\/wp-json\/wp\/v2\/comments?post=18"}],"version-history":[{"count":6,"href":"https:\/\/leadell.ee\/en\/wp-json\/wp\/v2\/pages\/18\/revisions"}],"predecessor-version":[{"id":7789,"href":"https:\/\/leadell.ee\/en\/wp-json\/wp\/v2\/pages\/18\/revisions\/7789"}],"wp:attachment":[{"href":"https:\/\/leadell.ee\/en\/wp-json\/wp\/v2\/media?parent=18"}],"curies":[{"name":"wp","href":"https:\/\/api.w.org\/{rel}","templated":true}]}}